{"id":9,"date":"2020-01-22T16:28:08","date_gmt":"2020-01-22T16:28:08","guid":{"rendered":"http:\/\/www.harikalazer.com\/randevu\/?page_id=9"},"modified":"2023-11-01T08:45:15","modified_gmt":"2023-11-01T05:45:15","slug":"anasayfa","status":"publish","type":"page","link":"https:\/\/www.harikalazer.com\/randevu\/","title":{"rendered":"Anasayfa"},"content":{"rendered":"<div class=\"flex_column av_one_third  flex_column_div av-zero-column-padding first  avia-builder-el-0  el_before_av_one_third  avia-builder-el-first  \" style='border-radius:0px; '><\/div>\n<div class=\"flex_column av_one_third  flex_column_div av-zero-column-padding   avia-builder-el-1  el_after_av_one_third  el_before_av_one_third  \" style='border-radius:0px; '><div  class='avia-image-container avia_animated_image avia_animate_when_almost_visible fade-in av-styling-no-styling    avia-builder-el-2  avia-builder-el-no-sibling  avia-align-center '  itemprop=\"image\" itemscope=\"itemscope\" itemtype=\"https:\/\/schema.org\/ImageObject\"  ><div class='avia-image-container-inner'><div class='avia-image-overlay-wrap'><a href='http:\/\/www.harikalazer.com\/randevu\/' class='avia_image'  ><img class='avia_image ' src='https:\/\/www.harikalazer.com\/randevu\/wp-content\/uploads\/2020\/06\/harika-logo1.png' alt='' title='harika-logo1'  itemprop=\"thumbnailUrl\"  \/><\/a><\/div><\/div><\/div><\/div>\n<div class=\"flex_column av_one_third  flex_column_div av-zero-column-padding   avia-builder-el-3  el_after_av_one_third  el_before_av_one_fifth  \" style='border-radius:0px; '><\/div>\n<div class=\"flex_column av_one_fifth  flex_column_div av-zero-column-padding first  avia-builder-el-4  el_after_av_one_third  el_before_av_three_fifth  column-top-margin\" style='border-radius:0px; '><\/div>\n<div class=\"flex_column av_three_fifth  flex_column_div av-zero-column-padding   avia-builder-el-5  el_after_av_one_fifth  el_before_av_one_fifth  column-top-margin\" style='border-radius:0px; '><section class=\"av_textblock_section \"  itemscope=\"itemscope\" itemtype=\"https:\/\/schema.org\/CreativeWork\" ><div class='avia_textblock  '   itemprop=\"text\" ><div class=\"booked-calendar-shortcode-wrap\"><div class=\"booked-calendar-wrap large\"><table class=\"booked-calendar\" data-calendar-date=\"2026-05-01\">\n\t\t<thead>\n\n\t\t\t\n\t\t\t<tr>\n\t\t\t\t<th colspan=\"7\">\n\t\t\t\t\t\t\t\t\t\t<span class=\"calendarSavingState\">\n\t\t\t\t\t\t<i class=\"booked-icon booked-icon-spinner-clock booked-icon-spin\"><\/i>\n\t\t\t\t\t<\/span>\n\t\t\t\t\t<span class=\"monthName\">\n\t\t\t\t\t\tMay\u0131s 2026\t\t\t\t\t\t\t\t\t\t\t<\/span>\n\t\t\t\t\t<a href=\"#\" data-goto=\"2026-06-01\" class=\"page-right\"><i class=\"booked-icon booked-icon-arrow-right\"><\/i><\/a>\t\t\t\t<\/th>\n\t\t\t<\/tr>\n\t\t\t<tr class=\"days\">\n\t\t\t\t\t\t\t\t<th>Pts<\/th>\n\t\t\t\t<th>Sal<\/th>\n\t\t\t\t<th>\u00c7ar<\/th>\n\t\t\t\t<th>Per<\/th>\n\t\t\t\t<th>Cum<\/th>\n\t\t\t\t<th>Cts<\/th>\t\t\t\t<th>Paz<\/th>\t\t\t<\/tr>\n\t\t<\/thead>\n\t\t<tbody><tr class=\"week\"><td data-date=\"2026-04-27\" class=\"prev-month booked prev-date\"><span class=\"date\"><span class=\"number\">27<\/span><\/span><\/td><td data-date=\"2026-04-28\" class=\"prev-month booked prev-date\"><span class=\"date\"><span class=\"number\">28<\/span><\/span><\/td><td data-date=\"2026-04-29\" class=\"prev-month booked prev-date\"><span class=\"date\"><span class=\"number\">29<\/span><\/span><\/td><td data-date=\"2026-04-30\" class=\"prev-month booked prev-date\"><span class=\"date\"><span class=\"number\">30<\/span><\/span><\/td><td data-date=\"2026-05-1\" class=\"booked prev-date\"><span class=\"date\"><span class=\"number\">1<\/span><\/span><\/td><td data-date=\"2026-05-2\" class=\"booked prev-date\"><span class=\"date\"><span class=\"number\">2<\/span><\/span><\/td><td data-date=\"2026-05-3\" class=\"prev-date\"><span class=\"date\"><span class=\"number\">3<\/span><\/span><\/td><\/tr><tr class=\"week\"><td data-date=\"2026-05-4\" class=\"booked prev-date\"><span class=\"date\"><span class=\"number\">4<\/span><\/span><\/td><td data-date=\"2026-05-5\" class=\"booked prev-date\"><span class=\"date\"><span class=\"number\">5<\/span><\/span><\/td><td data-date=\"2026-05-6\" class=\"today booked prev-date\"><span class=\"date\"><span class=\"number\">6<\/span><\/span><\/td><td data-date=\"2026-05-7\" class=\"booked prev-date\"><span class=\"date\"><span class=\"number\">7<\/span><\/span><\/td><td data-date=\"2026-05-8\" class=\"\"><span class=\"date tooltipster\" title=\"7 M\u00fcsait\"><span class=\"number\">8<\/span><\/span><\/td><td data-date=\"2026-05-9\" class=\"\"><span class=\"date tooltipster\" title=\"5 M\u00fcsait\"><span class=\"number\">9<\/span><\/span><\/td><td data-date=\"2026-05-10\" class=\"prev-date\"><span class=\"date\"><span class=\"number\">10<\/span><\/span><\/td><\/tr><tr class=\"week\"><td data-date=\"2026-05-11\" class=\"\"><span class=\"date tooltipster\" title=\"12 M\u00fcsait\"><span class=\"number\">11<\/span><\/span><\/td><td data-date=\"2026-05-12\" class=\"\"><span class=\"date tooltipster\" title=\"14 M\u00fcsait\"><span class=\"number\">12<\/span><\/span><\/td><td data-date=\"2026-05-13\" class=\"\"><span class=\"date tooltipster\" title=\"15 M\u00fcsait\"><span class=\"number\">13<\/span><\/span><\/td><td data-date=\"2026-05-14\" class=\"\"><span class=\"date tooltipster\" title=\"14 M\u00fcsait\"><span class=\"number\">14<\/span><\/span><\/td><td data-date=\"2026-05-15\" class=\"\"><span class=\"date tooltipster\" title=\"15 M\u00fcsait\"><span class=\"number\">15<\/span><\/span><\/td><td data-date=\"2026-05-16\" class=\"\"><span class=\"date tooltipster\" title=\"7 M\u00fcsait\"><span class=\"number\">16<\/span><\/span><\/td><td data-date=\"2026-05-17\" class=\"prev-date\"><span class=\"date\"><span class=\"number\">17<\/span><\/span><\/td><\/tr><tr class=\"week\"><td data-date=\"2026-05-18\" class=\"\"><span class=\"date tooltipster\" title=\"15 M\u00fcsait\"><span class=\"number\">18<\/span><\/span><\/td><td data-date=\"2026-05-19\" class=\"\"><span class=\"date tooltipster\" title=\"16 M\u00fcsait\"><span class=\"number\">19<\/span><\/span><\/td><td data-date=\"2026-05-20\" class=\"\"><span class=\"date tooltipster\" title=\"15 M\u00fcsait\"><span class=\"number\">20<\/span><\/span><\/td><td data-date=\"2026-05-21\" class=\"\"><span class=\"date tooltipster\" title=\"15 M\u00fcsait\"><span class=\"number\">21<\/span><\/span><\/td><td data-date=\"2026-05-22\" class=\"\"><span class=\"date tooltipster\" title=\"16 M\u00fcsait\"><span class=\"number\">22<\/span><\/span><\/td><td data-date=\"2026-05-23\" class=\"\"><span class=\"date tooltipster\" title=\"7 M\u00fcsait\"><span class=\"number\">23<\/span><\/span><\/td><td data-date=\"2026-05-24\" class=\"prev-date\"><span class=\"date\"><span class=\"number\">24<\/span><\/span><\/td><\/tr><tr class=\"week\"><td data-date=\"2026-05-25\" class=\"\"><span class=\"date tooltipster\" title=\"15 M\u00fcsait\"><span class=\"number\">25<\/span><\/span><\/td><td data-date=\"2026-05-26\" class=\"\"><span class=\"date tooltipster\" title=\"16 M\u00fcsait\"><span class=\"number\">26<\/span><\/span><\/td><td data-date=\"2026-05-27\" class=\"\"><span class=\"date tooltipster\" title=\"15 M\u00fcsait\"><span class=\"number\">27<\/span><\/span><\/td><td data-date=\"2026-05-28\" class=\"\"><span class=\"date tooltipster\" title=\"15 M\u00fcsait\"><span class=\"number\">28<\/span><\/span><\/td><td data-date=\"2026-05-29\" class=\"\"><span class=\"date tooltipster\" title=\"16 M\u00fcsait\"><span class=\"number\">29<\/span><\/span><\/td><td data-date=\"2026-05-30\" class=\"\"><span class=\"date tooltipster\" title=\"7 M\u00fcsait\"><span class=\"number\">30<\/span><\/span><\/td><td data-date=\"2026-05-31\" class=\"prev-date\"><span class=\"date\"><span class=\"number\">31<\/span><\/span><\/td><\/tr>\t\t<\/tbody>\n\t<\/table><\/div><\/div>\n<h1><span style=\"font-weight: 800; color: red; font-size: 22px;\">De\u011ferli M\u00fc\u015fterimiz;<br \/>\nOlu\u015fturaca\u011f\u0131n\u0131z randevu tarihinden B\u0130R G\u00dcN \u00d6NCES\u0130NDE SAAT <strong>12: 00<\/strong> kadar t\u00fcm sipari\u015flerinizi ge\u00e7meniz \u00f6nemle rica olunur.<\/span><\/h1>\n<\/div><\/section><\/div><div class=\"flex_column av_one_fifth  flex_column_div av-zero-column-padding   column-top-margin\" style='border-radius:0px; '><\/div><\/p>\n","protected":false},"excerpt":{"rendered":"","protected":false},"author":1,"featured_media":0,"parent":0,"menu_order":0,"comment_status":"closed","ping_status":"closed","template":"template-blank.php","meta":{"footnotes":""},"_links":{"self":[{"href":"https:\/\/www.harikalazer.com\/randevu\/wp-json\/wp\/v2\/pages\/9"}],"collection":[{"href":"https:\/\/www.harikalazer.com\/randevu\/wp-json\/wp\/v2\/pages"}],"about":[{"href":"https:\/\/www.harikalazer.com\/randevu\/wp-json\/wp\/v2\/types\/page"}],"author":[{"embeddable":true,"href":"https:\/\/www.harikalazer.com\/randevu\/wp-json\/wp\/v2\/users\/1"}],"replies":[{"embeddable":true,"href":"https:\/\/www.harikalazer.com\/randevu\/wp-json\/wp\/v2\/comments?post=9"}],"version-history":[{"count":17,"href":"https:\/\/www.harikalazer.com\/randevu\/wp-json\/wp\/v2\/pages\/9\/revisions"}],"predecessor-version":[{"id":32539,"href":"https:\/\/www.harikalazer.com\/randevu\/wp-json\/wp\/v2\/pages\/9\/revisions\/32539"}],"wp:attachment":[{"href":"https:\/\/www.harikalazer.com\/randevu\/wp-json\/wp\/v2\/media?parent=9"}],"curies":[{"name":"wp","href":"https:\/\/api.w.org\/{rel}","templated":true}]}}