{"id":13955,"date":"2022-06-26T23:19:26","date_gmt":"2022-06-26T20:19:26","guid":{"rendered":"http:\/\/www.harikalazer.com\/randevu\/?page_id=13955"},"modified":"2022-06-26T23:20:15","modified_gmt":"2022-06-26T20:20:15","slug":"baskiliurunler","status":"publish","type":"page","link":"https:\/\/www.harikalazer.com\/randevu\/baskiliurunler\/","title":{"rendered":"Bask\u0131l\u0131\u00dcr\u00fcnler"},"content":{"rendered":"<style type=\"text\/css\" scoped>.roboGalleryLoaderSpinner{margin:50px auto;width:50px;height:40px;text-align:center;font-size:10px;}.roboGalleryLoaderSpinner > div{background-color:#333; height:100%; width:6px; display:inline-block; -webkit-animation:roboGalleryLoader-stretchdelay 1.2s infinite ease-in-out; animation:roboGalleryLoader-stretchdelay 1.2s infinite ease-in-out;}.roboGalleryLoaderSpinner .roboGalleryLoaderRect2{-webkit-animation-delay:-1.1s; animation-delay:-1.1s;}.roboGalleryLoaderSpinner .roboGalleryLoaderRect3{-webkit-animation-delay:-1.0s; animation-delay:-1.0s;}.roboGalleryLoaderSpinner .roboGalleryLoaderRect4{-webkit-animation-delay:-0.9s; animation-delay:-0.9s;}.roboGalleryLoaderSpinner .roboGalleryLoaderRect5{-webkit-animation-delay:-0.8s; animation-delay:-0.8s;}@-webkit-keyframes roboGalleryLoader-stretchdelay{0%,40%,100%{-webkit-transform:scaleY(0.4) } 20%{-webkit-transform:scaleY(1.0) }}@keyframes roboGalleryLoader-stretchdelay{0%,40%,100%{ transform:scaleY(0.4); -webkit-transform:scaleY(0.4); } 20%{ transform:scaleY(1.0); -webkit-transform:scaleY(1.0); }}<\/style><div id=\"robo_gallery_loading_rbs_gallery_69f3812fbe915\" class=\"roboGalleryLoaderSpinner\"><div class=\"roboGalleryLoaderRect1\"><\/div> <div class=\"roboGalleryLoaderRect2\"><\/div> <div class=\"roboGalleryLoaderRect3\"><\/div> <div class=\"roboGalleryLoaderRect4\"><\/div> <div class=\"roboGalleryLoaderRect5\"><\/div><\/div><div id=\"robo_gallery_main_block_rbs_gallery_69f3812fbe915\" class=\"robogallery-gallery-13942\" style=\"width:100%;  display: none;\"><div class=\"rbs_gallery_button rbs_gallery_align_left\"  id=\"rbs_gallery_69f3812fbe915filter\"><a class=\"button button-flat-primary button-large  active\" style=\"margin-right:5px;margin-bottom:10px;\" href=\"#\" data-filter=\"*\">All<\/a><a href=\"#\"  data-filter=\".category13942\" class=\"button button-flat-primary button-large \" style=\"margin-right:5px;margin-bottom:10px;\">Bask\u0131l\u0131\u00dcr\u00fcnler<\/a><\/div><div id=\"rbs_gallery_69f3812fbe915\" data-options=\"rbs_gallery_69f3812fbe915\" style=\"width:100%;\" class=\"robo_gallery\"><div class=\"rbs-img category13942 \" ><div class=\"rbs-img-image  rbs-lightbox\"   ><div data-thumbnail=\"https:\/\/www.harikalazer.com\/randevu\/wp-content\/uploads\/2022\/06\/1-300x141.jpg\" title=\"1\" data-width=\"300\" data-height=\"141\" ><\/div><div data-popup=\"https:\/\/www.harikalazer.com\/randevu\/wp-content\/uploads\/2022\/06\/1.jpg\" data-alt=\"1\" title=\"1\" ><\/div><div class=\"thumbnail-overlay\"><div class=\"rbsTitle \">1<\/div><div class=\"rbsIcons\"><i class=\"fa fa-search-plus rbsZoomIcon \" ><\/i><\/div><\/div><\/div><\/div><div class=\"rbs-img category13942 \" ><div class=\"rbs-img-image  rbs-lightbox\"   ><div data-thumbnail=\"https:\/\/www.harikalazer.com\/randevu\/wp-content\/uploads\/2022\/06\/2-300x139.jpg\" title=\"2\" data-width=\"300\" data-height=\"139\" ><\/div><div data-popup=\"https:\/\/www.harikalazer.com\/randevu\/wp-content\/uploads\/2022\/06\/2.jpg\" data-alt=\"2\" title=\"2\" ><\/div><div class=\"thumbnail-overlay\"><div class=\"rbsTitle \">2<\/div><div class=\"rbsIcons\"><i class=\"fa fa-search-plus rbsZoomIcon \" ><\/i><\/div><\/div><\/div><\/div><div class=\"rbs-img category13942 \" ><div class=\"rbs-img-image  rbs-lightbox\"   ><div data-thumbnail=\"https:\/\/www.harikalazer.com\/randevu\/wp-content\/uploads\/2022\/06\/3-300x141.jpg\" title=\"3\" data-width=\"300\" data-height=\"141\" ><\/div><div data-popup=\"https:\/\/www.harikalazer.com\/randevu\/wp-content\/uploads\/2022\/06\/3.jpg\" data-alt=\"3\" title=\"3\" ><\/div><div class=\"thumbnail-overlay\"><div class=\"rbsTitle \">3<\/div><div class=\"rbsIcons\"><i class=\"fa fa-search-plus rbsZoomIcon \" ><\/i><\/div><\/div><\/div><\/div><div class=\"rbs-img category13942 \" ><div class=\"rbs-img-image  rbs-lightbox\"   ><div data-thumbnail=\"https:\/\/www.harikalazer.com\/randevu\/wp-content\/uploads\/2022\/06\/4-300x141.jpg\" title=\"4\" data-width=\"300\" data-height=\"141\" ><\/div><div data-popup=\"https:\/\/www.harikalazer.com\/randevu\/wp-content\/uploads\/2022\/06\/4.jpg\" data-alt=\"4\" title=\"4\" ><\/div><div class=\"thumbnail-overlay\"><div class=\"rbsTitle \">4<\/div><div class=\"rbsIcons\"><i class=\"fa fa-search-plus rbsZoomIcon \" ><\/i><\/div><\/div><\/div><\/div><div class=\"rbs-img category13942 \" ><div class=\"rbs-img-image  rbs-lightbox\"   ><div data-thumbnail=\"https:\/\/www.harikalazer.com\/randevu\/wp-content\/uploads\/2022\/06\/5-300x140.jpg\" title=\"5\" data-width=\"300\" data-height=\"140\" ><\/div><div data-popup=\"https:\/\/www.harikalazer.com\/randevu\/wp-content\/uploads\/2022\/06\/5.jpg\" data-alt=\"5\" title=\"5\" ><\/div><div class=\"thumbnail-overlay\"><div class=\"rbsTitle \">5<\/div><div class=\"rbsIcons\"><i class=\"fa fa-search-plus rbsZoomIcon \" ><\/i><\/div><\/div><\/div><\/div><div class=\"rbs-img category13942 \" ><div class=\"rbs-img-image  rbs-lightbox\"   ><div data-thumbnail=\"https:\/\/www.harikalazer.com\/randevu\/wp-content\/uploads\/2022\/06\/6-300x139.jpg\" title=\"6\" data-width=\"300\" data-height=\"139\" ><\/div><div data-popup=\"https:\/\/www.harikalazer.com\/randevu\/wp-content\/uploads\/2022\/06\/6.jpg\" data-alt=\"6\" title=\"6\" ><\/div><div class=\"thumbnail-overlay\"><div class=\"rbsTitle \">6<\/div><div class=\"rbsIcons\"><i class=\"fa fa-search-plus rbsZoomIcon \" ><\/i><\/div><\/div><\/div><\/div><div class=\"rbs-img category13942 \" ><div class=\"rbs-img-image  rbs-lightbox\"   ><div data-thumbnail=\"https:\/\/www.harikalazer.com\/randevu\/wp-content\/uploads\/2022\/06\/7-300x140.jpg\" title=\"7\" data-width=\"300\" data-height=\"140\" ><\/div><div data-popup=\"https:\/\/www.harikalazer.com\/randevu\/wp-content\/uploads\/2022\/06\/7.jpg\" data-alt=\"7\" title=\"7\" ><\/div><div class=\"thumbnail-overlay\"><div class=\"rbsTitle \">7<\/div><div class=\"rbsIcons\"><i class=\"fa fa-search-plus rbsZoomIcon \" ><\/i><\/div><\/div><\/div><\/div><div class=\"rbs-img category13942 \" ><div class=\"rbs-img-image  rbs-lightbox\"   ><div data-thumbnail=\"https:\/\/www.harikalazer.com\/randevu\/wp-content\/uploads\/2022\/06\/8-300x150.jpg\" title=\"8\" data-width=\"300\" data-height=\"150\" ><\/div><div data-popup=\"https:\/\/www.harikalazer.com\/randevu\/wp-content\/uploads\/2022\/06\/8.jpg\" data-alt=\"8\" title=\"8\" ><\/div><div class=\"thumbnail-overlay\"><div class=\"rbsTitle \">8<\/div><div class=\"rbsIcons\"><i class=\"fa fa-search-plus rbsZoomIcon \" ><\/i><\/div><\/div><\/div><\/div><div class=\"rbs-img category13942 \" ><div class=\"rbs-img-image  rbs-lightbox\"   ><div data-thumbnail=\"https:\/\/www.harikalazer.com\/randevu\/wp-content\/uploads\/2022\/06\/9-300x144.jpg\" title=\"9\" data-width=\"300\" data-height=\"144\" ><\/div><div data-popup=\"https:\/\/www.harikalazer.com\/randevu\/wp-content\/uploads\/2022\/06\/9.jpg\" data-alt=\"9\" title=\"9\" ><\/div><div class=\"thumbnail-overlay\"><div class=\"rbsTitle \">9<\/div><div class=\"rbsIcons\"><i class=\"fa fa-search-plus rbsZoomIcon \" ><\/i><\/div><\/div><\/div><\/div><\/div><\/div><script>var rbs_gallery_69f3812fbe915 = {\"filterContainer\": \"#rbs_gallery_69f3812fbe915filter\", \"loadingContainer\": \"#robo_gallery_loading_rbs_gallery_69f3812fbe915\", \"mainContainer\": \"#robo_gallery_main_block_rbs_gallery_69f3812fbe915\", \"touch\": 1, \"touchDirection\": \"left\", \"lightboxOptions\": { gallery: { enabled: true, tCounter: \"%curr% of %total%\" } }, \"resolutions\": [ {\"columnWidth\": \"auto\" , \"columns\":1 , \"maxWidth\": 450}, {\"columnWidth\": \"auto\" , \"columns\":2 , \"maxWidth\": 650}, {\"columnWidth\": \"auto\" , \"columns\":3 , \"maxWidth\": 960}], \"overlayEffect\": \"direction-aware-fade\", \"boxesToLoadStart\": 12, \"boxesToLoad\": 8, \"lazyLoad\": true, \"waitUntilThumbLoads\": true, \"waitForAllThumbsNoMatterWhat\": false, \"deepLinking\": false, \"LoadingWord\": \"Loading...\", \"loadMoreWord\": \"Load More\", \"loadMoreClass\": \"button-flat-primary button-large \", \"noMoreEntriesWord\": \"No More Entries\", \"horizontalSpaceBetweenBoxes\": 15, \"verticalSpaceBetweenBoxes\": 15}, rbs_gallery_69f3812fbe915_css = \"#rbs_gallery_69f3812fbe915 .rbs-img-container{ -webkit-border-radius: 5px; -moz-border-radius: 5px; border-radius: 5px;-webkit-box-shadow:0px 5px 7px rgba(34, 25, 25, 0.4) ;-moz-box-shadow: \t0px 5px 7px rgba(34, 25, 25, 0.4) ;-o-box-shadow: \t0px 5px 7px rgba(34, 25, 25, 0.4) ;-ms-box-shadow: \t0px 5px 7px rgba(34, 25, 25, 0.4) ;box-shadow: \t\t0px 5px 7px rgba(34, 25, 25, 0.4) ;}#rbs_gallery_69f3812fbe915 .rbsTitle{ font-size:12px; line-height:100%; color:rgb(255, 255, 255); font-weight:bold;}#rbs_gallery_69f3812fbe915 .rbsTitle:hover{color:rgb(255, 255, 255);}#rbs_gallery_69f3812fbe915 .thumbnail-overlay{background: rgba(7, 7, 7, 0.5);}#rbs_gallery_69f3812fbe915 .rbsZoomIcon{ font-size:30px; line-height:100%; color:rgb(255, 255, 255);background:rgba(13, 130, 241, 0);}#rbs_gallery_69f3812fbe915 .rbsZoomIcon:hover{color:rgb(174, 174, 174);background:rgba(6, 70, 130, 0);}#rbs_gallery_69f3812fbe915 .image-with-dimensions{background-color: rgb(255, 255, 255);}body .mfp-title, body .mfp-counter{color: rgb(243, 243, 243);}\",roboGalleryDelay = 0; head = document.head || document.getElementsByTagName(\"head\")[0], style = document.createElement(\"style\"); style.type = \"text\/css\"; if (style.styleSheet) style.styleSheet.cssText = rbs_gallery_69f3812fbe915_css; \telse  style.appendChild(document.createTextNode(rbs_gallery_69f3812fbe915_css)); head.appendChild(style);<\/script>\n","protected":false},"excerpt":{"rendered":"","protected":false},"author":1,"featured_media":0,"parent":0,"menu_order":0,"comment_status":"closed","ping_status":"closed","template":"template-blank.php","meta":{"footnotes":""},"_links":{"self":[{"href":"https:\/\/www.harikalazer.com\/randevu\/wp-json\/wp\/v2\/pages\/13955"}],"collection":[{"href":"https:\/\/www.harikalazer.com\/randevu\/wp-json\/wp\/v2\/pages"}],"about":[{"href":"https:\/\/www.harikalazer.com\/randevu\/wp-json\/wp\/v2\/types\/page"}],"author":[{"embeddable":true,"href":"https:\/\/www.harikalazer.com\/randevu\/wp-json\/wp\/v2\/users\/1"}],"replies":[{"embeddable":true,"href":"https:\/\/www.harikalazer.com\/randevu\/wp-json\/wp\/v2\/comments?post=13955"}],"version-history":[{"count":2,"href":"https:\/\/www.harikalazer.com\/randevu\/wp-json\/wp\/v2\/pages\/13955\/revisions"}],"predecessor-version":[{"id":21476,"href":"https:\/\/www.harikalazer.com\/randevu\/wp-json\/wp\/v2\/pages\/13955\/revisions\/21476"}],"wp:attachment":[{"href":"https:\/\/www.harikalazer.com\/randevu\/wp-json\/wp\/v2\/media?parent=13955"}],"curies":[{"name":"wp","href":"https:\/\/api.w.org\/{rel}","templated":true}]}}